{"id":2203,"date":"2016-08-02T11:03:38","date_gmt":"2016-08-02T11:03:38","guid":{"rendered":"https:\/\/joecarpenter.at\/?page_id=7"},"modified":"2022-09-05T13:15:07","modified_gmt":"2022-09-05T11:15:07","slug":"home","status":"publish","type":"page","link":"https:\/\/joecarpenter.at\/","title":{"rendered":"Home"},"content":{"rendered":"<p><div class=\"fusion-fullwidth fullwidth-box fusion-builder-row-1 hundred-percent-fullwidth non-hundred-percent-height-scrolling\" style=\"background-color: rgba(255,255,255,0);background-position: left top;background-repeat: no-repeat;padding-top:0px;padding-right:0px;padding-bottom:0px;padding-left:0px;margin-bottom: 0px;margin-top: 0px;border-width: 0px 0px 0px 0px;border-color:#eae9e9;border-style:solid;\" id=\"cast\" ><div class=\"fusion-builder-row fusion-row\"><div class=\"fusion-layout-column fusion_builder_column fusion-builder-column-0 fusion_builder_column_1_1 1_1 fusion-one-full fusion-column-first fusion-column-last fusion-column-no-min-height\" style=\"margin-top:0px;margin-bottom:0px;\"><div class=\"fusion-column-wrapper fusion-flex-column-wrapper-legacy\" style=\"background-position:left top;background-repeat:no-repeat;-webkit-background-size:cover;-moz-background-size:cover;-o-background-size:cover;background-size:cover;padding: 0px 0px 0px 0px;\"><style type=\"text\/css\">.fusion-portfolio-wrapper#fusion-portfolio-1 .fusion-portfolio-content{ padding: 30px 30px 30px 30px; text-align: center; }<\/style><div class=\"fusion-recent-works fusion-portfolio-element fusion-portfolio fusion-portfolio-1 fusion-portfolio-grid fusion-portfolio-paging-pagination fusion-portfolio-three fusion-portfolio-boxed fusion-portfolio-text fusion-portfolio-equal-heights fusion-portfolio-rollover fusion-animated\" data-id=\"-rw-1\" data-columns=\"three\" data-animationType=\"fadeInDown\" data-animationDuration=\"0.7\" data-animationOffset=\"top-into-view\"><style type=\"text\/css\">.fusion-portfolio-1 .fusion-portfolio-wrapper .fusion-col-spacing{padding:0px;}<\/style><div class=\"fusion-portfolio-wrapper\" id=\"fusion-portfolio-1\" data-picturesize=\"auto\" data-pages=\"1\" style=\"margin:-0px;\"><article id=\"portfolio-1-post-2228\" class=\"fusion-portfolio-post besetzungen fusion-col-spacing post-2228\"><div class=\"fusion-portfolio-content-wrapper\" style=\"border:1px solid #ebeaea;border-bottom-width:3px;background-color:rgba(255,255,255,1);\"><span class=\"vcard rich-snippet-hidden\"><span class=\"fn\"><a href=\"https:\/\/joecarpenter.at\/index.php\/author\/adminjoe\/\" title=\"Beitr\u00e4ge von adminjoe\" rel=\"author\">adminjoe<\/a><\/span><\/span><span class=\"updated rich-snippet-hidden\">2019-10-25T11:04:07+02:00<\/span><div  class=\"fusion-image-wrapper\" aria-haspopup=\"true\">\n\t\t\t\t<img width=\"1000\" height=\"667\" src=\"https:\/\/joecarpenter.at\/wp-content\/uploads\/2019\/10\/front_solo.jpg\" class=\"attachment-full size-full lazyload wp-post-image\" alt=\"Solo\" srcset=\"data:image\/svg+xml,%3Csvg%20xmlns%3D%27http%3A%2F%2Fwww.w3.org%2F2000%2Fsvg%27%20width%3D%271000%27%20height%3D%27667%27%20viewBox%3D%270%200%201000%20667%27%3E%3Crect%20width%3D%271000%27%20height%3D%27667%27%20fill-opacity%3D%220%22%2F%3E%3C%2Fsvg%3E\" data-orig-src=\"https:\/\/joecarpenter.at\/wp-content\/uploads\/2019\/10\/front_solo.jpg\" data-srcset=\"https:\/\/joecarpenter.at\/wp-content\/uploads\/2019\/10\/front_solo-200x133.jpg 200w, https:\/\/joecarpenter.at\/wp-content\/uploads\/2019\/10\/front_solo-400x267.jpg 400w, https:\/\/joecarpenter.at\/wp-content\/uploads\/2019\/10\/front_solo-600x400.jpg 600w, https:\/\/joecarpenter.at\/wp-content\/uploads\/2019\/10\/front_solo-800x534.jpg 800w, https:\/\/joecarpenter.at\/wp-content\/uploads\/2019\/10\/front_solo.jpg 1000w\" data-sizes=\"auto\" \/><div class=\"fusion-rollover\">\n\t<div class=\"fusion-rollover-content\">\n\n\t\t\t\t\n\t\t\n\t\t\t\t\t\t\t\t\t\t\t\t<h4 class=\"fusion-rollover-title\">\n\t\t\t\t\t<a class=\"fusion-rollover-title-link\" href=\"https:\/\/joecarpenter.at\/index.php\/cast\/solo\/\">\n\t\t\t\t\t\tSolo\t\t\t\t\t<\/a>\n\t\t\t\t<\/h4>\n\t\t\t\n\t\t\t\t\t\t\t\t\n\t\t\n\t\t\t\t\t\t<a class=\"fusion-link-wrapper\" href=\"https:\/\/joecarpenter.at\/index.php\/cast\/solo\/\" aria-label=\"Solo\"><\/a>\n\t<\/div>\n<\/div>\n<\/div>\n<div class=\"fusion-portfolio-content\" style=\"background-color:rgba(255,255,255,1);\"><h2 class=\"entry-title fusion-post-title\"><a href=\"https:\/\/joecarpenter.at\/index.php\/cast\/solo\/\">Solo<\/a><\/h2><div class=\"fusion-content-sep sep-single sep-solid\" style=\"border-color:#b9afa1;\"><\/div><div class=\"fusion-post-content\"><p>Mit Akustikgitarre, Stimme und Loop-Pedal gibt Joe Carpenter seine Interpretationen von bekannten Rock- und Popsongs zum Besten.<\/p><\/div><\/div><\/div><\/article><article id=\"portfolio-1-post-2385\" class=\"fusion-portfolio-post besetzungen fusion-col-spacing post-2385\"><div class=\"fusion-portfolio-content-wrapper\" style=\"border:1px solid #ebeaea;border-bottom-width:3px;background-color:rgba(255,255,255,1);\"><span class=\"vcard rich-snippet-hidden\"><span class=\"fn\"><a href=\"https:\/\/joecarpenter.at\/index.php\/author\/adminjoe\/\" title=\"Beitr\u00e4ge von adminjoe\" rel=\"author\">adminjoe<\/a><\/span><\/span><span class=\"updated rich-snippet-hidden\">2019-10-25T11:39:45+02:00<\/span><div  class=\"fusion-image-wrapper\" aria-haspopup=\"true\">\n\t\t\t\t<img width=\"1000\" height=\"667\" src=\"https:\/\/joecarpenter.at\/wp-content\/uploads\/2019\/10\/front_duo.jpg\" class=\"attachment-full size-full lazyload wp-post-image\" alt=\"Duo\" srcset=\"data:image\/svg+xml,%3Csvg%20xmlns%3D%27http%3A%2F%2Fwww.w3.org%2F2000%2Fsvg%27%20width%3D%271000%27%20height%3D%27667%27%20viewBox%3D%270%200%201000%20667%27%3E%3Crect%20width%3D%271000%27%20height%3D%27667%27%20fill-opacity%3D%220%22%2F%3E%3C%2Fsvg%3E\" data-orig-src=\"https:\/\/joecarpenter.at\/wp-content\/uploads\/2019\/10\/front_duo.jpg\" data-srcset=\"https:\/\/joecarpenter.at\/wp-content\/uploads\/2019\/10\/front_duo-200x133.jpg 200w, https:\/\/joecarpenter.at\/wp-content\/uploads\/2019\/10\/front_duo-400x267.jpg 400w, https:\/\/joecarpenter.at\/wp-content\/uploads\/2019\/10\/front_duo-600x400.jpg 600w, https:\/\/joecarpenter.at\/wp-content\/uploads\/2019\/10\/front_duo-800x534.jpg 800w, https:\/\/joecarpenter.at\/wp-content\/uploads\/2019\/10\/front_duo.jpg 1000w\" data-sizes=\"auto\" \/><div class=\"fusion-rollover\">\n\t<div class=\"fusion-rollover-content\">\n\n\t\t\t\t\n\t\t\n\t\t\t\t\t\t\t\t\t\t\t\t<h4 class=\"fusion-rollover-title\">\n\t\t\t\t\t<a class=\"fusion-rollover-title-link\" href=\"https:\/\/joecarpenter.at\/index.php\/cast\/duo\/\">\n\t\t\t\t\t\tDuo\t\t\t\t\t<\/a>\n\t\t\t\t<\/h4>\n\t\t\t\n\t\t\t\t\t\t\t\t\n\t\t\n\t\t\t\t\t\t<a class=\"fusion-link-wrapper\" href=\"https:\/\/joecarpenter.at\/index.php\/cast\/duo\/\" aria-label=\"Duo\"><\/a>\n\t<\/div>\n<\/div>\n<\/div>\n<div class=\"fusion-portfolio-content\" style=\"background-color:rgba(255,255,255,1);\"><h2 class=\"entry-title fusion-post-title\"><a href=\"https:\/\/joecarpenter.at\/index.php\/cast\/duo\/\">Duo<\/a><\/h2><div class=\"fusion-content-sep sep-single sep-solid\" style=\"border-color:#b9afa1;\"><\/div><div class=\"fusion-post-content\"><p>Zwei Gitarren \u2013 doppelt soviel Erfahrung. Das beste aus Rock und Country in akustischen Gewand.<\/p><\/div><\/div><\/div><\/article><article id=\"portfolio-1-post-2389\" class=\"fusion-portfolio-post besetzungen fusion-col-spacing post-2389\"><div class=\"fusion-portfolio-content-wrapper\" style=\"border:1px solid #ebeaea;border-bottom-width:3px;background-color:rgba(255,255,255,1);\"><span class=\"vcard rich-snippet-hidden\"><span class=\"fn\"><a href=\"https:\/\/joecarpenter.at\/index.php\/author\/adminjoe\/\" title=\"Beitr\u00e4ge von adminjoe\" rel=\"author\">adminjoe<\/a><\/span><\/span><span class=\"updated rich-snippet-hidden\">2019-11-19T12:03:11+01:00<\/span><div  class=\"fusion-image-wrapper\" aria-haspopup=\"true\">\n\t\t\t\t<img width=\"1000\" height=\"667\" src=\"https:\/\/joecarpenter.at\/wp-content\/uploads\/2019\/10\/front_trio.jpg\" class=\"attachment-full size-full lazyload wp-post-image\" alt=\"Trio\" srcset=\"data:image\/svg+xml,%3Csvg%20xmlns%3D%27http%3A%2F%2Fwww.w3.org%2F2000%2Fsvg%27%20width%3D%271000%27%20height%3D%27667%27%20viewBox%3D%270%200%201000%20667%27%3E%3Crect%20width%3D%271000%27%20height%3D%27667%27%20fill-opacity%3D%220%22%2F%3E%3C%2Fsvg%3E\" data-orig-src=\"https:\/\/joecarpenter.at\/wp-content\/uploads\/2019\/10\/front_trio.jpg\" data-srcset=\"https:\/\/joecarpenter.at\/wp-content\/uploads\/2019\/10\/front_trio-200x133.jpg 200w, https:\/\/joecarpenter.at\/wp-content\/uploads\/2019\/10\/front_trio-400x267.jpg 400w, https:\/\/joecarpenter.at\/wp-content\/uploads\/2019\/10\/front_trio-600x400.jpg 600w, https:\/\/joecarpenter.at\/wp-content\/uploads\/2019\/10\/front_trio-800x534.jpg 800w, https:\/\/joecarpenter.at\/wp-content\/uploads\/2019\/10\/front_trio.jpg 1000w\" data-sizes=\"auto\" \/><div class=\"fusion-rollover\">\n\t<div class=\"fusion-rollover-content\">\n\n\t\t\t\t\n\t\t\n\t\t\t\t\t\t\t\t\t\t\t\t<h4 class=\"fusion-rollover-title\">\n\t\t\t\t\t<a class=\"fusion-rollover-title-link\" href=\"https:\/\/joecarpenter.at\/index.php\/cast\/trio\/\">\n\t\t\t\t\t\tTrio\t\t\t\t\t<\/a>\n\t\t\t\t<\/h4>\n\t\t\t\n\t\t\t\t\t\t\t\t\n\t\t\n\t\t\t\t\t\t<a class=\"fusion-link-wrapper\" href=\"https:\/\/joecarpenter.at\/index.php\/cast\/trio\/\" aria-label=\"Trio\"><\/a>\n\t<\/div>\n<\/div>\n<\/div>\n<div class=\"fusion-portfolio-content\" style=\"background-color:rgba(255,255,255,1);\"><h2 class=\"entry-title fusion-post-title\"><a href=\"https:\/\/joecarpenter.at\/index.php\/cast\/trio\/\">Trio<\/a><\/h2><div class=\"fusion-content-sep sep-single sep-solid\" style=\"border-color:#b9afa1;\"><\/div><div class=\"fusion-post-content\"><p>Blues oder Austro Pop? Sie w\u00fcnschen wir spielen! Ihren W\u00fcnschen und Anforderungen werden wir gerne gerecht und bieten die passende Besetzung f\u00fcr jeden Anlass.<\/p><\/div><\/div><\/div><\/article><\/div><\/div><div class=\"fusion-clearfix\"><\/div><\/div><\/div><\/div><\/div><div class=\"fusion-bg-parallax\" data-bg-align=\"center center\" data-direction=\"left\" data-mute=\"false\" data-opacity=\"100\" data-velocity=\"-1\" data-mobile-enabled=\"false\" data-break_parents=\"0\" data-bg-image=\"https:\/\/joecarpenter.at\/wp-content\/uploads\/2019\/11\/background_test_1.svg\" data-bg-repeat=\"false\" ><\/div><div class=\"fusion-fullwidth fullwidth-box fusion-builder-row-2 fusion-parallax-left hundred-percent-fullwidth non-hundred-percent-height-scrolling fusion-equal-height-columns fusion-no-small-visibility fusion-no-medium-visibility lazyload\" style=\"background-color: rgba(255,255,255,0);background-position: center center;background-repeat: no-repeat;padding-top:0px;padding-right:0px;padding-bottom:0px;padding-left:0px;margin-bottom: 0px;margin-top: 0px;border-width: 0px 0px 0px 0px;border-color:#eae9e9;border-style:solid;-webkit-background-size:cover;-moz-background-size:cover;-o-background-size:cover;background-size:cover;\" data-bg=\"https:\/\/joecarpenter.at\/wp-content\/uploads\/2019\/11\/background_test_1.svg\" id=\"about\" ><div class=\"fusion-builder-row fusion-row\"><div class=\"fusion-layout-column fusion_builder_column fusion-builder-column-1 fusion_builder_column_2_5 2_5 fusion-two-fifth fusion-column-first\" style=\"width:40%;width:calc(40% - ( ( 5% ) * 0.4 ) );margin-right: 5%;margin-top:0px;margin-bottom:0px;\"><div class=\"fusion-column-wrapper fusion-flex-column-wrapper-legacy\" style=\"background-position:center top;background-repeat:no-repeat;-webkit-background-size:cover;-moz-background-size:cover;-o-background-size:cover;background-size:cover;padding: 0px 0px 0px 0px;\"><div class=\"fusion-column-content-centered\"><div class=\"fusion-column-content\"><span class=\" fusion-imageframe imageframe-none imageframe-1 hover-type-none\"><img width=\"600\" height=\"800\" alt=\"Joe Carpenter\" title=\"Joe Carpenter\" src=\"https:\/\/joecarpenter.at\/wp-content\/uploads\/2019\/11\/joe_carpenter_about.jpg\" data-orig-src=\"https:\/\/joecarpenter.at\/wp-content\/uploads\/2019\/11\/joe_carpenter_about-600x800.jpg\" class=\"lazyload img-responsive wp-image-2472\" srcset=\"data:image\/svg+xml,%3Csvg%20xmlns%3D%27http%3A%2F%2Fwww.w3.org%2F2000%2Fsvg%27%20width%3D%27750%27%20height%3D%271000%27%20viewBox%3D%270%200%20750%201000%27%3E%3Crect%20width%3D%27750%27%20height%3D%271000%27%20fill-opacity%3D%220%22%2F%3E%3C%2Fsvg%3E\" data-srcset=\"https:\/\/joecarpenter.at\/wp-content\/uploads\/2019\/11\/joe_carpenter_about-200x267.jpg 200w, https:\/\/joecarpenter.at\/wp-content\/uploads\/2019\/11\/joe_carpenter_about-400x533.jpg 400w, https:\/\/joecarpenter.at\/wp-content\/uploads\/2019\/11\/joe_carpenter_about-600x800.jpg 600w, https:\/\/joecarpenter.at\/wp-content\/uploads\/2019\/11\/joe_carpenter_about.jpg 750w\" data-sizes=\"auto\" data-orig-sizes=\"(max-width: 1050px) 100vw, 600px\" \/><\/span><\/div><\/div><div class=\"fusion-clearfix\"><\/div><\/div><\/div><div class=\"fusion-layout-column fusion_builder_column fusion-builder-column-2 fusion_builder_column_3_5 3_5 fusion-three-fifth fusion-column-last\" style=\"width:60%;width:calc(60% - ( ( 5% ) * 0.6 ) );margin-top:0px;margin-bottom:0px;\"><div class=\"fusion-column-wrapper fusion-flex-column-wrapper-legacy\" style=\"background-position:left top;background-repeat:no-repeat;-webkit-background-size:cover;-moz-background-size:cover;-o-background-size:cover;background-size:cover;padding: 0px 284px 0px 0px;\"><div class=\"fusion-column-content-centered\"><div class=\"fusion-column-content\"><div class=\"fusion-text fusion-text-1\"><h2 style=\"text-align: center;\">Joe Carpenter<\/h2>\n<\/div><div class=\"fusion-fa-align-center\"><i class=\"fb-icon-element-1 fb-icon-element fontawesome-icon fa-guitar fas circle-no fa-flip-horizontal\" style=\"font-size:34px;margin-bottom:30px;\"><\/i><\/div><style>i.fb-icon-element.fontawesome-icon.fb-icon-element-1{ color: #b9afa1;}i.fb-icon-element.fontawesome-icon.fb-icon-element-1:hover { color: #b9afa1;}<\/style><div class=\"fusion-text fusion-text-2\"><h5 style=\"text-align: center;\"><span style=\"color: #b9afa1;\">Egal ob Solo, Duo oder Trio<\/span><\/h5>\n<\/div><div class=\"fusion-sep-clear\"><\/div><div class=\"fusion-separator\" style=\"margin-left: auto;margin-right: auto;margin-top:10px;margin-bottom:40px;width:100%;max-width:80px;\"><div class=\"fusion-separator-border sep-single sep-solid\" style=\"border-color:#b9afa1;border-top-width:1px;\"><\/div><\/div><div class=\"fusion-sep-clear\"><\/div><div class=\"fusion-text fusion-text-3\"><p style=\"text-align: center;\">Der sympathische Kufsteiner begeistert sein Publikum alleine genau so wie im Trio. Egal ob kleiner Bar-Gig oder gro\u00dfe Konzertb\u00fchne \u2013 mit seinem vielseitigen Programm, seiner Spielfreude und der jahrelangen Erfahrung bleibt kein Tanzbein unbewegt.<\/p>\n<\/div><div class=\"fusion-sep-clear\"><\/div><div class=\"fusion-separator fusion-full-width-sep\" style=\"margin-left: auto;margin-right: auto;margin-top:30px;width:100%;\"><\/div><div class=\"fusion-sep-clear\"><\/div><\/div><\/div><div class=\"fusion-clearfix\"><\/div><\/div><\/div><\/div><\/div><div class=\"fusion-bg-parallax\" data-bg-align=\"center center\" data-direction=\"left\" data-mute=\"false\" data-opacity=\"100\" data-velocity=\"-1\" data-mobile-enabled=\"false\" data-break_parents=\"0\" data-bg-image=\"https:\/\/joecarpenter.at\/wp-content\/uploads\/2019\/11\/background_test_1.svg\" data-bg-repeat=\"false\" ><\/div><div class=\"fusion-fullwidth fullwidth-box fusion-builder-row-3 fusion-parallax-left hundred-percent-fullwidth non-hundred-percent-height-scrolling fusion-equal-height-columns fusion-no-large-visibility lazyload\" style=\"background-color: rgba(255,255,255,0);background-position: center center;background-repeat: no-repeat;padding-top:0px;padding-right:0px;padding-bottom:0px;padding-left:4px;margin-bottom: 0px;margin-top: 0px;border-width: 0px 0px 0px 0px;border-color:#eae9e9;border-style:solid;-webkit-background-size:cover;-moz-background-size:cover;-o-background-size:cover;background-size:cover;\" data-bg=\"https:\/\/joecarpenter.at\/wp-content\/uploads\/2019\/11\/background_test_1.svg\" id=\"about\" ><div class=\"fusion-builder-row fusion-row\"><div class=\"fusion-layout-column fusion_builder_column fusion-builder-column-3 fusion_builder_column_2_5 2_5 fusion-two-fifth fusion-column-first\" style=\"width:40%;width:calc(40% - ( ( 5% ) * 0.4 ) );margin-right: 5%;margin-top:0px;margin-bottom:0px;\"><div class=\"fusion-column-wrapper fusion-flex-column-wrapper-legacy\" style=\"background-position:center top;background-repeat:no-repeat;-webkit-background-size:cover;-moz-background-size:cover;-o-background-size:cover;background-size:cover;padding: 0px 0px 0px 0px;\"><div class=\"fusion-column-content-centered\"><div class=\"fusion-column-content\"><span class=\" fusion-imageframe imageframe-none imageframe-2 hover-type-none\"><img width=\"600\" height=\"800\" alt=\"Joe Carpenter\" title=\"Joe Carpenter\" src=\"https:\/\/joecarpenter.at\/wp-content\/uploads\/2019\/11\/joe_carpenter_about.jpg\" data-orig-src=\"https:\/\/joecarpenter.at\/wp-content\/uploads\/2019\/11\/joe_carpenter_about-600x800.jpg\" class=\"lazyload img-responsive wp-image-2472\" srcset=\"data:image\/svg+xml,%3Csvg%20xmlns%3D%27http%3A%2F%2Fwww.w3.org%2F2000%2Fsvg%27%20width%3D%27750%27%20height%3D%271000%27%20viewBox%3D%270%200%20750%201000%27%3E%3Crect%20width%3D%27750%27%20height%3D%271000%27%20fill-opacity%3D%220%22%2F%3E%3C%2Fsvg%3E\" data-srcset=\"https:\/\/joecarpenter.at\/wp-content\/uploads\/2019\/11\/joe_carpenter_about-200x267.jpg 200w, https:\/\/joecarpenter.at\/wp-content\/uploads\/2019\/11\/joe_carpenter_about-400x533.jpg 400w, https:\/\/joecarpenter.at\/wp-content\/uploads\/2019\/11\/joe_carpenter_about-600x800.jpg 600w, https:\/\/joecarpenter.at\/wp-content\/uploads\/2019\/11\/joe_carpenter_about.jpg 750w\" data-sizes=\"auto\" data-orig-sizes=\"(max-width: 1050px) 100vw, 600px\" \/><\/span><\/div><\/div><div class=\"fusion-clearfix\"><\/div><\/div><\/div><div class=\"fusion-layout-column fusion_builder_column fusion-builder-column-4 fusion_builder_column_3_5 3_5 fusion-three-fifth fusion-column-last\" style=\"width:60%;width:calc(60% - ( ( 5% ) * 0.6 ) );margin-top:30px;margin-bottom:0px;\"><div class=\"fusion-column-wrapper fusion-flex-column-wrapper-legacy\" style=\"background-position:left top;background-repeat:no-repeat;-webkit-background-size:cover;-moz-background-size:cover;-o-background-size:cover;background-size:cover;padding: 0px 30px 0px 30px;\"><div class=\"fusion-column-content-centered\"><div class=\"fusion-column-content\"><div class=\"fusion-text fusion-text-4\"><h2 style=\"text-align: center;\">Joe Carpenter<\/h2>\n<\/div><div class=\"fusion-fa-align-center\"><i class=\"fb-icon-element-2 fb-icon-element fontawesome-icon fa-guitar fas circle-no fa-flip-horizontal\" style=\"font-size:34px;margin-bottom:30px;\"><\/i><\/div><style>i.fb-icon-element.fontawesome-icon.fb-icon-element-2{ color: #b9afa1;}i.fb-icon-element.fontawesome-icon.fb-icon-element-2:hover { color: #b9afa1;}<\/style><div class=\"fusion-text fusion-text-5\"><h5 style=\"text-align: center;\"><span style=\"color: #b9afa1;\">Egal ob Solo, Duo oder Trio<\/span><\/h5>\n<\/div><div class=\"fusion-sep-clear\"><\/div><div class=\"fusion-separator\" style=\"margin-left: auto;margin-right: auto;margin-top:10px;margin-bottom:40px;width:100%;max-width:80px;\"><div class=\"fusion-separator-border sep-single sep-solid\" style=\"border-color:#b9afa1;border-top-width:1px;\"><\/div><\/div><div class=\"fusion-sep-clear\"><\/div><div class=\"fusion-text fusion-text-6\"><p style=\"text-align: center;\">Der sympathische Kufsteiner begeistert sein Publikum alleine genau so wie im Trio. Egal ob kleiner Bar-Gig oder gro\u00dfe Konzertb\u00fchne \u2013 mit seinem vielseitigen Programm, seiner Spielfreude und der jahrelangen Erfahrung bleibt kein Tanzbein unbewegt.<\/p>\n<\/div><div class=\"fusion-sep-clear\"><\/div><div class=\"fusion-separator fusion-full-width-sep\" style=\"margin-left: auto;margin-right: auto;margin-top:30px;width:100%;\"><\/div><div class=\"fusion-sep-clear\"><\/div><\/div><\/div><div class=\"fusion-clearfix\"><\/div><\/div><\/div><\/div><\/div><div class=\"fusion-fullwidth fullwidth-box fusion-builder-row-4 fusion-parallax-fixed nonhundred-percent-fullwidth hundred-percent-height hundred-percent-height-center-content non-hundred-percent-height-scrolling lazyload\" style=\"background-color: #a2846b;background-position: center bottom;background-repeat: no-repeat;background-blend-mode: luminosity;padding-top:14%;padding-right:0px;padding-bottom:13%;padding-left:0px;margin-bottom: 0px;margin-top: 0px;border-width: 0px 0px 0px 0px;border-color:#eae9e9;border-style:solid;-webkit-background-size:cover;-moz-background-size:cover;-o-background-size:cover;background-size:cover;background-attachment:fixed;\" data-bg=\"https:\/\/joecarpenter.at\/wp-content\/uploads\/2019\/10\/front_guests.jpg\" ><div class=\"fusion-fullwidth-center-content\"><div class=\"fusion-builder-row fusion-row\"><div class=\"fusion-layout-column fusion_builder_column fusion-builder-column-5 fusion_builder_column_1_5 1_5 fusion-one-fifth fusion-column-first fusion-no-small-visibility\" style=\"width:16.8%; margin-right: 4%;margin-top:20px;margin-bottom:20px;\"><div class=\"fusion-column-wrapper fusion-flex-column-wrapper-legacy\" style=\"background-position:left top;background-repeat:no-repeat;-webkit-background-size:cover;-moz-background-size:cover;-o-background-size:cover;background-size:cover;padding: 0px 0px 0px 0px;\"><div class=\"fusion-clearfix\"><\/div><\/div><\/div><div class=\"fusion-layout-column fusion_builder_column fusion-builder-column-6 fusion_builder_column_3_5 3_5 fusion-three-fifth\" style=\"width:58.4%; margin-right: 4%;margin-top:50px;margin-bottom:30px;\"><div class=\"fusion-column-wrapper fusion-flex-column-wrapper-legacy\" style=\"background-position:left top;background-blend-mode: overlay;background-repeat:no-repeat;-webkit-background-size:cover;-moz-background-size:cover;-o-background-size:cover;background-size:cover;padding: 0px 0px 0px 0px;\"><div class=\"fusion-testimonials clean fusion-testimonials-1\" data-random=\"0\" data-speed=\"4000\"><style type=\"text\/css\">#fusion-testimonials-1 a{border-color:#ffffff;}#fusion-testimonials-1 a:hover, #fusion-testimonials-1 .activeSlide{background-color: #ffffff;}.fusion-testimonials.clean.fusion-testimonials-1 .author:after{border-top-color:transparent !important;}<\/style><div class=\"reviews\"><div class=\"review active-testimonial no-avatar\"><blockquote class=\"testimonials-shortcode-blockquote\"><q style=\"background-color:transparent;color:#ffffff;\" class=\"fusion-clearfix\">\n<h2><em>\u201cDas Beste an der Musik steht nicht in den Noten\u201d<\/em><\/h2>\n<\/q><\/blockquote><div class=\"author\" style=\"color:#ffffff;\"><span class=\"company-name\"><strong>GUSTAV MAHLER<\/strong><\/span><\/div><\/div><div class=\"review no-avatar\"><blockquote class=\"testimonials-shortcode-blockquote\"><q style=\"background-color:transparent;color:#ffffff;\" class=\"fusion-clearfix\">\n<h2><em>\u201cMein Lieblingssound ist der von Schinken auf der Pfanne.\u201d<\/em><\/h2>\n<\/q><\/blockquote><div class=\"author\" style=\"color:#ffffff;\"><span class=\"company-name\"><strong>TOM WAITS<\/strong><\/span><\/div><\/div><div class=\"review no-avatar\"><blockquote class=\"testimonials-shortcode-blockquote\"><q style=\"background-color:transparent;color:#ffffff;\" class=\"fusion-clearfix\">\n<h2><em>\u201cZun\u00e4chst werde ich spielen und dir sp\u00e4ter erkl\u00e4ren, was es ist.\u201d<\/em><\/h2>\n<\/q><\/blockquote><div class=\"author\" style=\"color:#ffffff;\"><span class=\"company-name\"><strong>MILES DAVIS<\/strong><\/span><\/div><\/div><\/div><\/div><div class=\"fusion-clearfix\"><\/div><\/div><\/div><div class=\"fusion-layout-column fusion_builder_column fusion-builder-column-7 fusion_builder_column_1_5 1_5 fusion-one-fifth fusion-column-last fusion-no-small-visibility\" style=\"width:16.8%;margin-top:20px;margin-bottom:20px;\"><div class=\"fusion-column-wrapper fusion-flex-column-wrapper-legacy\" style=\"background-position:left top;background-repeat:no-repeat;-webkit-background-size:cover;-moz-background-size:cover;-o-background-size:cover;background-size:cover;padding: 0px 0px 0px 0px;\"><div class=\"fusion-clearfix\"><\/div><\/div><\/div><\/div><\/div><\/div><\/p>\n","protected":false},"excerpt":{"rendered":"","protected":false},"author":1,"featured_media":0,"parent":0,"menu_order":0,"comment_status":"closed","ping_status":"closed","template":"100-width.php","meta":[],"_links":{"self":[{"href":"https:\/\/joecarpenter.at\/index.php\/wp-json\/wp\/v2\/pages\/2203"}],"collection":[{"href":"https:\/\/joecarpenter.at\/index.php\/wp-json\/wp\/v2\/pages"}],"about":[{"href":"https:\/\/joecarpenter.at\/index.php\/wp-json\/wp\/v2\/types\/page"}],"author":[{"embeddable":true,"href":"https:\/\/joecarpenter.at\/index.php\/wp-json\/wp\/v2\/users\/1"}],"replies":[{"embeddable":true,"href":"https:\/\/joecarpenter.at\/index.php\/wp-json\/wp\/v2\/comments?post=2203"}],"version-history":[{"count":89,"href":"https:\/\/joecarpenter.at\/index.php\/wp-json\/wp\/v2\/pages\/2203\/revisions"}],"predecessor-version":[{"id":2274,"href":"https:\/\/joecarpenter.at\/index.php\/wp-json\/wp\/v2\/pages\/2203\/revisions\/2274"}],"wp:attachment":[{"href":"https:\/\/joecarpenter.at\/index.php\/wp-json\/wp\/v2\/media?parent=2203"}],"curies":[{"name":"wp","href":"https:\/\/api.w.org\/{rel}","templated":true}]}}